{"id":10,"date":"2018-05-22T13:29:36","date_gmt":"2018-05-22T13:29:36","guid":{"rendered":"http:\/\/ms-kindernetzwerk.chronisch-krank-arbeiten.de\/?page_id=10"},"modified":"2018-05-24T13:00:58","modified_gmt":"2018-05-24T13:00:58","slug":"hintergrund","status":"publish","type":"page","link":"https:\/\/ms-kindernetz.de\/?page_id=10","title":{"rendered":"Hintergrund"},"content":{"rendered":"<p>Die Multiple Sklerose (MS) ist die h\u00e4ufigste progrediente neurologische Erkrankung im jungen bis mittleren Erwachsenenalter. Ausgehend von Daten des Bundesversicherungsamtes in Bonn sind in der Bundesrepublik ca. 200.000 Menschen an MS erkrankt (Petersen et al., 2014). Eine regional ausgeglichene Verteilung der MS vorausgesetzt, kann man davon ausgehen, dass die Anzahl von MS-Erkrankten in NRW bei 40.000 liegt. Bei bis zu 7% der Erkrankten tritt die MS bereits im Kindes- bzw. Jugendalter auf (Stark und G\u00e4rtner, 2010), die Neuerkrankung in dieser jungen Gruppe ist mit 100 bis 200 F\u00e4llen pro Jahr angegeben (Stark und G\u00e4rtner, 2010). Hier liegen f\u00fcr NRW bisher keine ver\u00f6ffentlichten Daten vor, aber ausgehend von den bundesdeutschen Bev\u00f6lkerungszahlen und oben genannten Neuerkrankungen im Kindes- und Jugendalter, kann man in NRW von bis zu 45 neurop\u00e4diatrischen Krankheitsf\u00e4llen im Jahr ausgehen. Das ist eine nicht zu untersch\u00e4tzende Anzahl an Neuerkrankungen.<\/p>\n<p>Das Wissen \u00fcber MS bei Erwachsenen ist inzwischen relativ hoch, die Erkenntnis, dass MS bereits im Kindes- und Jugendalter auftreten kann, ist jedoch weniger verbreitet. Erst vor 15 Jahren wurde durch die Fachgesellschaft f\u00fcr Neurop\u00e4diatrie eine \u201evorl\u00e4ufige\u201c Leitlinie \u00fcber die Diagnose MS und deren Behandlung erstellt. Daher haben Kinder\u00e4rzte, Neurologen und andere Fach\u00e4rzte eine m\u00f6gliche MS bei Kindern und Jugendlichen noch nicht ausreichend \u201eauf dem Schirm\u201c. F\u00fcr die betroffenen Kinder und Jugendlichen bedeutet dies unter Umst\u00e4nden eine jahrelange \u00c4rzte-Odysee mit Fehldiagnosen und Fehlbehandlungen, die mit sehr hohem Leidensdruck f\u00fcr die jungen Patienten und deren Angeh\u00f6rigen verbunden ist. Steht dann die Diagnose, m\u00fcssen viele Eltern leidvoll erfahren, dass ihnen keine kompetenten Anlaufstellen in NRW genannt werden k\u00f6nnen. Das stellt insbesondere solche Eltern vor gro\u00dfe Probleme, die aus beruflichen oder privaten Gr\u00fcnden keine M\u00f6glichkeiten haben Institutionen au\u00dferhalb von NRW zu erreichen.<\/p>\n<p>Auf Basis der beschriebenen Problematik und aus der inhaltlichen Beratungsarbeit der DMSG heraus wurde deutlich, dass ein dringender Bedarf besteht, bei allen Behandlern die Aufkl\u00e4rung zum Thema kindliche MS zu verst\u00e4rken und f\u00fcr die betroffenen Kinder und Jugendlichen und deren Eltern kompetente Ansprechpartner in der N\u00e4he des Wohnortes sichtbarer und zug\u00e4nglicher zu machen.<\/p>\n","protected":false},"excerpt":{"rendered":"<p>Die Multiple Sklerose (MS) ist die h\u00e4ufigste progrediente neurologische Erkrankung im jungen bis mittleren Erwachsenenalter. Ausgehend von Daten des Bundesversicherungsamtes in Bonn sind in der Bundesrepublik ca. 200.000 Menschen an MS erkrankt (Petersen et al., 2014). Eine regional ausgeglichene Verteilung der MS vorausgesetzt, kann man davon ausgehen, dass die Anzahl von MS-Erkrankten in NRW bei &hellip; <\/p>\n<p class=\"link-more\"><a href=\"https:\/\/ms-kindernetz.de\/?page_id=10\" class=\"more-link\"><span class=\"screen-reader-text\">\u201eHintergrund\u201c<\/span> weiterlesen<\/a><\/p>\n","protected":false},"author":1,"featured_media":0,"parent":0,"menu_order":0,"comment_status":"closed","ping_status":"closed","template":"","meta":{"footnotes":""},"_links":{"self":[{"href":"https:\/\/ms-kindernetz.de\/index.php?rest_route=\/wp\/v2\/pages\/10"}],"collection":[{"href":"https:\/\/ms-kindernetz.de\/index.php?rest_route=\/wp\/v2\/pages"}],"about":[{"href":"https:\/\/ms-kindernetz.de\/index.php?rest_route=\/wp\/v2\/types\/page"}],"author":[{"embeddable":true,"href":"https:\/\/ms-kindernetz.de\/index.php?rest_route=\/wp\/v2\/users\/1"}],"replies":[{"embeddable":true,"href":"https:\/\/ms-kindernetz.de\/index.php?rest_route=%2Fwp%2Fv2%2Fcomments&post=10"}],"version-history":[{"count":2,"href":"https:\/\/ms-kindernetz.de\/index.php?rest_route=\/wp\/v2\/pages\/10\/revisions"}],"predecessor-version":[{"id":47,"href":"https:\/\/ms-kindernetz.de\/index.php?rest_route=\/wp\/v2\/pages\/10\/revisions\/47"}],"wp:attachment":[{"href":"https:\/\/ms-kindernetz.de\/index.php?rest_route=%2Fwp%2Fv2%2Fmedia&parent=10"}],"curies":[{"name":"wp","href":"https:\/\/api.w.org\/{rel}","templated":true}]}}