{"id":12,"date":"2018-05-22T13:30:52","date_gmt":"2018-05-22T13:30:52","guid":{"rendered":"http:\/\/ms-kindernetzwerk.chronisch-krank-arbeiten.de\/?page_id=12"},"modified":"2023-05-09T13:49:14","modified_gmt":"2023-05-09T13:49:14","slug":"das-netzwerk","status":"publish","type":"page","link":"https:\/\/ms-kindernetz.de\/?page_id=12","title":{"rendered":"Das Netzwerk"},"content":{"rendered":"<p>Ausgehend von der Problematik mangelnder Kenntnis \u00fcber kindliche MS bei den Behandlern und fehlender Sichtbarkeit der in NRW verf\u00fcgbaren Anlaufstellen f\u00fcr die betroffenen Kinder- und Jugendlichen, haben sich einzelne Experten in NRW zusammengeschlossen. Mit unserem MS-Netzwerk f\u00fcr Kinder- und Jugendliche NRW soll die Sichtbarkeit und Aufkl\u00e4rung f\u00fcr das Thema kindliche MS und die Sichtbarkeit f\u00fcr die in NRW ans\u00e4ssigen Behandler und Betreuer deutlich erh\u00f6ht werden. Es werden dabei alle Bereiche interdisziplin\u00e4r abgedeckt, von Neurop\u00e4diatern, Neurologen und Radiologen \u00fcber Reha-Einrichtungen, Verb\u00e4nde und Selbsthilfegruppen, bis hin zu kompetenten Psychologen und niedergelassene Schwerpunktpraxen. Durch die gleichzeitige Einbindung von Neurop\u00e4diatern und Neurologen ist der Austausch beider Berufsgruppen gew\u00e4hrleistet und auch ein Fokus auf den Bereich der Transition gelegt.<\/p>\n<p>Als Schirmherrin f\u00fcr das Netzwerk konnte Frau Annette Frier gewonnen werden.<\/p>\n<p>Seit Ende der Pilotphase steht das Netzwerk allen Interessierten aus den Bereichen ambulant, station\u00e4r, Reha, Beratung, Selbsthilfe, etc. offen, sofern sie die Kriterien des Netzwerkes erf\u00fcllen.<\/p>\n<p>\u00a0<\/p>\n<p>\u00a0<\/p>\n\n\n<figure class=\"wp-block-image size-large\"><img loading=\"lazy\" decoding=\"async\" width=\"1024\" height=\"724\" src=\"https:\/\/ms-kindernetz.de\/wp-content\/uploads\/2023\/05\/Netzwerk-23-1024x724.png\" alt=\"\" class=\"wp-image-97\" srcset=\"https:\/\/ms-kindernetz.de\/wp-content\/uploads\/2023\/05\/Netzwerk-23-1024x724.png 1024w, https:\/\/ms-kindernetz.de\/wp-content\/uploads\/2023\/05\/Netzwerk-23-300x212.png 300w, https:\/\/ms-kindernetz.de\/wp-content\/uploads\/2023\/05\/Netzwerk-23-768x543.png 768w, https:\/\/ms-kindernetz.de\/wp-content\/uploads\/2023\/05\/Netzwerk-23-1536x1086.png 1536w, https:\/\/ms-kindernetz.de\/wp-content\/uploads\/2023\/05\/Netzwerk-23-2048x1448.png 2048w\" sizes=\"(max-width: 706px) 89vw, (max-width: 767px) 82vw, 740px\" \/><\/figure>\n","protected":false},"excerpt":{"rendered":"<p>Ausgehend von der Problematik mangelnder Kenntnis \u00fcber kindliche MS bei den Behandlern und fehlender Sichtbarkeit der in NRW verf\u00fcgbaren Anlaufstellen f\u00fcr die betroffenen Kinder- und Jugendlichen, haben sich einzelne Experten in NRW zusammengeschlossen. Mit unserem MS-Netzwerk f\u00fcr Kinder- und Jugendliche NRW soll die Sichtbarkeit und Aufkl\u00e4rung f\u00fcr das Thema kindliche MS und die Sichtbarkeit f\u00fcr &hellip; <\/p>\n<p class=\"link-more\"><a href=\"https:\/\/ms-kindernetz.de\/?page_id=12\" class=\"more-link\"><span class=\"screen-reader-text\">\u201eDas Netzwerk\u201c<\/span> weiterlesen<\/a><\/p>\n","protected":false},"author":1,"featured_media":0,"parent":0,"menu_order":0,"comment_status":"closed","ping_status":"closed","template":"","meta":{"footnotes":""},"_links":{"self":[{"href":"https:\/\/ms-kindernetz.de\/index.php?rest_route=\/wp\/v2\/pages\/12"}],"collection":[{"href":"https:\/\/ms-kindernetz.de\/index.php?rest_route=\/wp\/v2\/pages"}],"about":[{"href":"https:\/\/ms-kindernetz.de\/index.php?rest_route=\/wp\/v2\/types\/page"}],"author":[{"embeddable":true,"href":"https:\/\/ms-kindernetz.de\/index.php?rest_route=\/wp\/v2\/users\/1"}],"replies":[{"embeddable":true,"href":"https:\/\/ms-kindernetz.de\/index.php?rest_route=%2Fwp%2Fv2%2Fcomments&post=12"}],"version-history":[{"count":11,"href":"https:\/\/ms-kindernetz.de\/index.php?rest_route=\/wp\/v2\/pages\/12\/revisions"}],"predecessor-version":[{"id":99,"href":"https:\/\/ms-kindernetz.de\/index.php?rest_route=\/wp\/v2\/pages\/12\/revisions\/99"}],"wp:attachment":[{"href":"https:\/\/ms-kindernetz.de\/index.php?rest_route=%2Fwp%2Fv2%2Fmedia&parent=12"}],"curies":[{"name":"wp","href":"https:\/\/api.w.org\/{rel}","templated":true}]}}