{"id":15,"date":"2018-05-22T13:31:12","date_gmt":"2018-05-22T13:31:12","guid":{"rendered":"http:\/\/ms-kindernetzwerk.chronisch-krank-arbeiten.de\/?page_id=15"},"modified":"2018-05-24T13:01:46","modified_gmt":"2018-05-24T13:01:46","slug":"unsere-ziele","status":"publish","type":"page","link":"https:\/\/ms-kindernetz.de\/?page_id=15","title":{"rendered":"Unsere Ziele"},"content":{"rendered":"<p><u>Behandlung auf hohem Niveau<\/u><\/p>\n<p>W\u00e4hrend es f\u00fcr MS-Zentren, die erwachsene Patienten betreuen, definierte Zertifizierungsauflagen der DMSG gibt, gibt es diese Qualit\u00e4tssicherung im Bereich der Kinder und Jugend MS nicht. Die klinischen Partner im Netzwerk haben daher gemeinsame Qualit\u00e4tsmerkmale erarbeitet und definiert. Jeder Partner behandelt auf Basis dieser Kriterien die Kinder und Jugendlichen standardisiert und auf hohem Niveau.<\/p>\n<p><u>Inhaltlicher Austausch und Zusammenarbeit im Team<\/u><\/p>\n<p>Die klinischen Partner haben eine Kooperationsvereinbarung mit dem DMSG-Landesverband NRW e.V. unterzeichnet, in dem sie sich verpflichten auf Basis der definierten Qualit\u00e4tskriterien zu behandeln und diese im Netzwerk aktiv weiter zu entwickeln.<\/p>\n<p><u>Erfolgreiche Transition<\/u><\/p>\n<p>Durch die enge Zusammenarbeit von Neurop\u00e4diatern und Neurologen wird eine bestm\u00f6gliche Transition sichergestellt. Transition bezeichnet den \u00dcbergang vom Kinderneurologen zum Neurologen, der gerade bei Jugendlichen fr\u00fcher oder sp\u00e4ter unvermeidlich ist und immer einen Arztwechsel bedeutet. Der sanfte \u00dcbergang aus der p\u00e4diatrisch betreuten Versorgungssituation in eine mehr eigenverantwortliche, neurologische Betreuung ist dem Netzwerk sehr wichtig. Die Jugendlichen werden im Rahmen von Transitionssprechstunden \u201e\u00fcbergeben\u201c, die es erm\u00f6glichen Vertrauen zum neuen Behandler aufzubauen und unn\u00f6tige Untersuchungen vermeiden.<\/p>\n<p><u>Psychologische und rechtliche Beratung und Unterst\u00fctzung<\/u><\/p>\n<p>Die konkrete Verkn\u00fcpfung von medizinischer Behandlung mit psychologischen Hilfsangeboten und die Schaffung von Selbsthilfeangeboten wird durch die enge Zusammenarbeit der klinischen Partner mit dem DMSG Landesverband NRW e.V. und den Selbsthilfegruppen im Netzwerk gew\u00e4hrleistet.<\/p>\n<p>Mit speziellen Veranstaltungen f\u00fcr Jugendliche und Eltern, mit ausgew\u00e4hlten Themen, wie z. B. psychologische Begleitung, rechtliche Fragen zur Versorgung des Kindes im Krankheitsfall, Nachteilsausgleiche und der Planung von Freizeiten f\u00fcr erkrankte Kinder und Jugendliche, kommt der Zusammenf\u00fchrung betroffener Jugendlicher und Eltern im Rahmen von Jugendgruppen im Netzwerk (\u201egood nerves \u2013 bad nerves\u201c) hier ein bedeutender Stellenwert zu.<\/p>\n<p><u>Sichtbarkeit des Netzwerkes <\/u><\/p>\n<p>Durch unsere intensive Zusammenarbeit, insbesondere der Partner DMSG Landesverband NRW und MedEcon Ruhr GmbH wird der Auf- und Ausbau des Netzwerkes koordiniert und vorangetrieben. Der regelm\u00e4\u00dfige Austausch im Netzwerk wird gew\u00e4hrleistet und gef\u00f6rdert und ist uns sehr wichtig. Im Rahmen von Veranstaltungen und gezielter \u00d6ffentlichkeitsarbeit wird Aufkl\u00e4rung \u00fcber die Problematik der kindlichen MS betrieben und die m\u00f6glichen Anlaufstellen in NRW sichtbar gemacht.<\/p>\n","protected":false},"excerpt":{"rendered":"<p>Behandlung auf hohem Niveau W\u00e4hrend es f\u00fcr MS-Zentren, die erwachsene Patienten betreuen, definierte Zertifizierungsauflagen der DMSG gibt, gibt es diese Qualit\u00e4tssicherung im Bereich der Kinder und Jugend MS nicht. Die klinischen Partner im Netzwerk haben daher gemeinsame Qualit\u00e4tsmerkmale erarbeitet und definiert. Jeder Partner behandelt auf Basis dieser Kriterien die Kinder und Jugendlichen standardisiert und auf &hellip; <\/p>\n<p class=\"link-more\"><a href=\"https:\/\/ms-kindernetz.de\/?page_id=15\" class=\"more-link\"><span class=\"screen-reader-text\">\u201eUnsere Ziele\u201c<\/span> weiterlesen<\/a><\/p>\n","protected":false},"author":1,"featured_media":0,"parent":0,"menu_order":0,"comment_status":"closed","ping_status":"closed","template":"","meta":{"footnotes":""},"_links":{"self":[{"href":"https:\/\/ms-kindernetz.de\/index.php?rest_route=\/wp\/v2\/pages\/15"}],"collection":[{"href":"https:\/\/ms-kindernetz.de\/index.php?rest_route=\/wp\/v2\/pages"}],"about":[{"href":"https:\/\/ms-kindernetz.de\/index.php?rest_route=\/wp\/v2\/types\/page"}],"author":[{"embeddable":true,"href":"https:\/\/ms-kindernetz.de\/index.php?rest_route=\/wp\/v2\/users\/1"}],"replies":[{"embeddable":true,"href":"https:\/\/ms-kindernetz.de\/index.php?rest_route=%2Fwp%2Fv2%2Fcomments&post=15"}],"version-history":[{"count":2,"href":"https:\/\/ms-kindernetz.de\/index.php?rest_route=\/wp\/v2\/pages\/15\/revisions"}],"predecessor-version":[{"id":49,"href":"https:\/\/ms-kindernetz.de\/index.php?rest_route=\/wp\/v2\/pages\/15\/revisions\/49"}],"wp:attachment":[{"href":"https:\/\/ms-kindernetz.de\/index.php?rest_route=%2Fwp%2Fv2%2Fmedia&parent=15"}],"curies":[{"name":"wp","href":"https:\/\/api.w.org\/{rel}","templated":true}]}}